{"id":672,"date":"2022-05-09T18:22:42","date_gmt":"2022-05-09T18:22:42","guid":{"rendered":"https:\/\/esls.co.uk\/?page_id=672"},"modified":"2022-05-09T18:53:01","modified_gmt":"2022-05-09T18:53:01","slug":"tbilisi-state-medical-university","status":"publish","type":"page","link":"https:\/\/esls.co.uk\/it\/study-medicine-dentistry-pharmacy-europe-bulgaria-slovakia-romania-poland\/georgia\/tbilisi-state-medical-university\/","title":{"rendered":"Universit\u00e0 medica statale di Tbilisi"},"content":{"rendered":"<p>Tbilisi \u00e8 la capitale e la citt\u00e0 pi\u00f9 grande della Georgia, adagiata sulle rive del fiume Kura con una popolazione di circa 1,5 milioni di persone. Tbilisi fu fondata nel V secolo d.C. da Vakhtang I di Iberia e da allora \u00e8 stata la capitale di vari regni e repubbliche georgiane. Tra il 1801 e il 1917, allora parte dell&#039;Impero russo, Tiflis fu sede del vicereame del Caucaso, governando sia la parte settentrionale che quella meridionale del Caucaso.<\/p>\n<p>L&#039;Universit\u00e0 medica statale di Tbilisi \u00e8 stata aperta l&#039;8 febbraio 1918, il giorno del ricordo del re georgiano David the Builder. Da allora, questo giorno rimane uno degli eventi pi\u00f9 significativi nella storia della nazione.<\/p>\n<p>L&#039;Universit\u00e0 medica statale di Tbilisi ha cinque facolt\u00e0: medicina, stomatologia, farmacia, sanit\u00e0 pubblica, medicina fisica e riabilitazione.<\/p>\n<p><span style=\"color: #ff0000;\"><em><strong>NB: ammissioni solo per studenti britannici ed europei<\/strong><\/em><\/span><\/p>\n<h2>Tasse universitarie<\/h2>\n<table style=\"border-collapse: collapse; width: 100%;\">\n<tbody>\n<tr>\n<td style=\"width: 10%;\">\n<h2>Facolt\u00e0 di Medicina<\/h2>\n<\/td>\n<td style=\"width: 10%;\"><\/td>\n<\/tr>\n<tr>\n<td style=\"width: 10%;\">Medicinale<\/td>\n<td style=\"width: 10%;\">8000 USD<\/td>\n<\/tr>\n<tr>\n<td style=\"width: 10%;\">Medico statunitense<\/td>\n<td style=\"width: 10%;\">13500 USD<\/td>\n<\/tr>\n<tr>\n<td style=\"width: 10%;\">Assistenza infermieristica<\/td>\n<td style=\"width: 10%;\">3000 USD<\/td>\n<\/tr>\n<tr>\n<td style=\"width: 10%;\">\n<h2>Facolt\u00e0 di Stomatologia<\/h2>\n<\/td>\n<td style=\"width: 10%;\"><\/td>\n<\/tr>\n<tr>\n<td style=\"width: 10%;\">Odontoiatria\/Stomatologia<\/td>\n<td style=\"width: 10%;\">7000 USD<\/td>\n<\/tr>\n<tr>\n<td style=\"width: 10%;\">Facolt\u00e0 di Farmacia<\/td>\n<td style=\"width: 10%;\"><\/td>\n<\/tr>\n<tr>\n<td style=\"width: 10%;\">Farmacia<\/td>\n<td style=\"width: 10%;\">3500 USD<\/td>\n<\/tr>\n<tr>\n<td style=\"width: 10%;\">Facolt\u00e0 di medicina fisica e riabilitazione<\/td>\n<td style=\"width: 10%;\">3000 USD<\/td>\n<\/tr>\n<\/tbody>\n<\/table>","protected":false},"excerpt":{"rendered":"<p>Tbilisi \u00e8 la capitale e la citt\u00e0 pi\u00f9 grande della Georgia, adagiata sulle rive del fiume Kura con un... <\/p>","protected":false},"author":1,"featured_media":679,"parent":571,"menu_order":0,"comment_status":"closed","ping_status":"closed","template":"page-template\/right-sidebar.php","meta":{"_eb_attr":"","jetpack_post_was_ever_published":false,"_bos_mb_destination":[""],"footnotes":""},"class_list":["post-672","page","type-page","status-publish","has-post-thumbnail","hentry","latest_post"],"yoast_head":"<!-- This site is optimized with the Yoast SEO plugin v27.3 - https:\/\/yoast.com\/product\/yoast-seo-wordpress\/ -->\n<title>Tbilisi State Medical University -<\/title>\n<meta name=\"description\" content=\"Tbilisi State Medical University\" \/>\n<meta name=\"robots\" content=\"index, follow, max-snippet:-1, max-image-preview:large, max-video-preview:-1\" \/>\n<link rel=\"canonical\" href=\"https:\/\/esls.co.uk\/it\/study-medicine-dentistry-pharmacy-europe-bulgaria-slovakia-romania-poland\/georgia\/tbilisi-state-medical-university\/\" \/>\n<meta property=\"og:locale\" content=\"it_IT\" \/>\n<meta property=\"og:type\" content=\"article\" \/>\n<meta property=\"og:title\" content=\"Tbilisi State Medical University\" \/>\n<meta property=\"og:description\" content=\"Tbilisi State Medical University was opened on 8th of February, 1918, the day of remembrance of the Georgian King David the Builder. Since that, this day remains one of the most significant events in the history of the nation.Tbilisi State Medical University has five faculties: Medicine, Stomatology, Pharmacy, Public health, Physical medicine and rehabilitation.\" \/>\n<meta property=\"og:url\" content=\"https:\/\/esls.co.uk\/it\/study-medicine-dentistry-pharmacy-europe-bulgaria-slovakia-romania-poland\/georgia\/tbilisi-state-medical-university\/\" \/>\n<meta property=\"article:publisher\" content=\"https:\/\/www.facebook.com\/esls1985\" \/>\n<meta property=\"article:modified_time\" content=\"2022-05-09T18:53:01+00:00\" \/>\n<meta property=\"og:image\" content=\"https:\/\/esls.co.uk\/wp-content\/uploads\/2022\/05\/TbilisiStateMedicalUniversity410x260.jpg\" \/>\n\t<meta property=\"og:image:width\" content=\"410\" \/>\n\t<meta property=\"og:image:height\" content=\"260\" \/>\n\t<meta property=\"og:image:type\" content=\"image\/jpeg\" \/>\n<meta name=\"twitter:card\" content=\"summary_large_image\" \/>\n<meta name=\"twitter:title\" content=\"Tbilisi State Medical University\" \/>\n<meta name=\"twitter:description\" content=\"Tbilisi State Medical University was opened on 8th of February, 1918, the day of remembrance of the Georgian King David the Builder. Since that, this day remains one of the most significant events in the history of the nation.Tbilisi State Medical University has five faculties: Medicine, Stomatology, Pharmacy, Public health, Physical medicine and rehabilitation.\" \/>\n<meta name=\"twitter:image\" content=\"https:\/\/esls.co.uk\/wp-content\/uploads\/2022\/05\/TbilisiStateMedicalUniversity410x260.jpg\" \/>\n<meta name=\"twitter:site\" content=\"@ESLS1985\" \/>\n<meta name=\"twitter:label1\" content=\"Tempo di lettura stimato\" \/>\n\t<meta name=\"twitter:data1\" content=\"1 minuto\" \/>\n<script type=\"application\/ld+json\" class=\"yoast-schema-graph\">{\"@context\":\"https:\\\/\\\/schema.org\",\"@graph\":[{\"@type\":\"Article\",\"@id\":\"https:\\\/\\\/esls.co.uk\\\/study-medicine-dentistry-pharmacy-europe-bulgaria-slovakia-romania-poland\\\/georgia\\\/tbilisi-state-medical-university\\\/#article\",\"isPartOf\":{\"@id\":\"https:\\\/\\\/esls.co.uk\\\/study-medicine-dentistry-pharmacy-europe-bulgaria-slovakia-romania-poland\\\/georgia\\\/tbilisi-state-medical-university\\\/\"},\"author\":{\"name\":\"gp1960\",\"@id\":\"https:\\\/\\\/esls.co.uk\\\/#\\\/schema\\\/person\\\/276e65001ee3eeedd9044f06b145f976\"},\"headline\":\"Tbilisi State Medical University\",\"datePublished\":\"2022-05-09T18:22:42+00:00\",\"dateModified\":\"2022-05-09T18:53:01+00:00\",\"mainEntityOfPage\":{\"@id\":\"https:\\\/\\\/esls.co.uk\\\/study-medicine-dentistry-pharmacy-europe-bulgaria-slovakia-romania-poland\\\/georgia\\\/tbilisi-state-medical-university\\\/\"},\"wordCount\":177,\"publisher\":{\"@id\":\"https:\\\/\\\/esls.co.uk\\\/#organization\"},\"image\":{\"@id\":\"https:\\\/\\\/esls.co.uk\\\/study-medicine-dentistry-pharmacy-europe-bulgaria-slovakia-romania-poland\\\/georgia\\\/tbilisi-state-medical-university\\\/#primaryimage\"},\"thumbnailUrl\":\"https:\\\/\\\/esls.co.uk\\\/wp-content\\\/uploads\\\/2022\\\/05\\\/TbilisiStateMedicalUniversity410x260.jpg\",\"inLanguage\":\"it-IT\"},{\"@type\":[\"WebPage\",\"ContactPage\"],\"@id\":\"https:\\\/\\\/esls.co.uk\\\/study-medicine-dentistry-pharmacy-europe-bulgaria-slovakia-romania-poland\\\/georgia\\\/tbilisi-state-medical-university\\\/\",\"url\":\"https:\\\/\\\/esls.co.uk\\\/study-medicine-dentistry-pharmacy-europe-bulgaria-slovakia-romania-poland\\\/georgia\\\/tbilisi-state-medical-university\\\/\",\"name\":\"Tbilisi State Medical University -\",\"isPartOf\":{\"@id\":\"https:\\\/\\\/esls.co.uk\\\/#website\"},\"primaryImageOfPage\":{\"@id\":\"https:\\\/\\\/esls.co.uk\\\/study-medicine-dentistry-pharmacy-europe-bulgaria-slovakia-romania-poland\\\/georgia\\\/tbilisi-state-medical-university\\\/#primaryimage\"},\"image\":{\"@id\":\"https:\\\/\\\/esls.co.uk\\\/study-medicine-dentistry-pharmacy-europe-bulgaria-slovakia-romania-poland\\\/georgia\\\/tbilisi-state-medical-university\\\/#primaryimage\"},\"thumbnailUrl\":\"https:\\\/\\\/esls.co.uk\\\/wp-content\\\/uploads\\\/2022\\\/05\\\/TbilisiStateMedicalUniversity410x260.jpg\",\"datePublished\":\"2022-05-09T18:22:42+00:00\",\"dateModified\":\"2022-05-09T18:53:01+00:00\",\"description\":\"Tbilisi State Medical University\",\"breadcrumb\":{\"@id\":\"https:\\\/\\\/esls.co.uk\\\/study-medicine-dentistry-pharmacy-europe-bulgaria-slovakia-romania-poland\\\/georgia\\\/tbilisi-state-medical-university\\\/#breadcrumb\"},\"inLanguage\":\"it-IT\",\"potentialAction\":[{\"@type\":\"ReadAction\",\"target\":[\"https:\\\/\\\/esls.co.uk\\\/study-medicine-dentistry-pharmacy-europe-bulgaria-slovakia-romania-poland\\\/georgia\\\/tbilisi-state-medical-university\\\/\"]}]},{\"@type\":\"ImageObject\",\"inLanguage\":\"it-IT\",\"@id\":\"https:\\\/\\\/esls.co.uk\\\/study-medicine-dentistry-pharmacy-europe-bulgaria-slovakia-romania-poland\\\/georgia\\\/tbilisi-state-medical-university\\\/#primaryimage\",\"url\":\"https:\\\/\\\/esls.co.uk\\\/wp-content\\\/uploads\\\/2022\\\/05\\\/TbilisiStateMedicalUniversity410x260.jpg\",\"contentUrl\":\"https:\\\/\\\/esls.co.uk\\\/wp-content\\\/uploads\\\/2022\\\/05\\\/TbilisiStateMedicalUniversity410x260.jpg\",\"width\":410,\"height\":260,\"caption\":\"Tbilisi State medical University\"},{\"@type\":\"BreadcrumbList\",\"@id\":\"https:\\\/\\\/esls.co.uk\\\/study-medicine-dentistry-pharmacy-europe-bulgaria-slovakia-romania-poland\\\/georgia\\\/tbilisi-state-medical-university\\\/#breadcrumb\",\"itemListElement\":[{\"@type\":\"ListItem\",\"position\":1,\"name\":\"Home\",\"item\":\"https:\\\/\\\/esls.co.uk\\\/\"},{\"@type\":\"ListItem\",\"position\":2,\"name\":\"Study\",\"item\":\"https:\\\/\\\/esls.co.uk\\\/study-medicine-dentistry-pharmacy-europe-bulgaria-slovakia-romania-poland\\\/\"},{\"@type\":\"ListItem\",\"position\":3,\"name\":\"Georgia\",\"item\":\"https:\\\/\\\/esls.co.uk\\\/study-medicine-dentistry-pharmacy-europe-bulgaria-slovakia-romania-poland\\\/georgia\\\/\"},{\"@type\":\"ListItem\",\"position\":4,\"name\":\"Tbilisi State Medical University\"}]},{\"@type\":\"WebSite\",\"@id\":\"https:\\\/\\\/esls.co.uk\\\/#website\",\"url\":\"https:\\\/\\\/esls.co.uk\\\/\",\"name\":\"\",\"description\":\"\",\"publisher\":{\"@id\":\"https:\\\/\\\/esls.co.uk\\\/#organization\"},\"alternateName\":\"ESLS\",\"potentialAction\":[{\"@type\":\"SearchAction\",\"target\":{\"@type\":\"EntryPoint\",\"urlTemplate\":\"https:\\\/\\\/esls.co.uk\\\/?s={search_term_string}\"},\"query-input\":{\"@type\":\"PropertyValueSpecification\",\"valueRequired\":true,\"valueName\":\"search_term_string\"}}],\"inLanguage\":\"it-IT\"},{\"@type\":\"Organization\",\"@id\":\"https:\\\/\\\/esls.co.uk\\\/#organization\",\"name\":\"European Studies and Language Services\",\"alternateName\":\"ESLS\",\"url\":\"https:\\\/\\\/esls.co.uk\\\/\",\"logo\":{\"@type\":\"ImageObject\",\"inLanguage\":\"it-IT\",\"@id\":\"https:\\\/\\\/esls.co.uk\\\/#\\\/schema\\\/logo\\\/image\\\/\",\"url\":\"https:\\\/\\\/i0.wp.com\\\/esls.co.uk\\\/wp-content\\\/uploads\\\/2022\\\/04\\\/cropped-Logo2@2x-e1650815428749.png?fit=568%2C250&ssl=1\",\"contentUrl\":\"https:\\\/\\\/i0.wp.com\\\/esls.co.uk\\\/wp-content\\\/uploads\\\/2022\\\/04\\\/cropped-Logo2@2x-e1650815428749.png?fit=568%2C250&ssl=1\",\"width\":568,\"height\":250,\"caption\":\"European Studies and Language Services\"},\"image\":{\"@id\":\"https:\\\/\\\/esls.co.uk\\\/#\\\/schema\\\/logo\\\/image\\\/\"},\"sameAs\":[\"https:\\\/\\\/www.facebook.com\\\/esls1985\",\"https:\\\/\\\/x.com\\\/ESLS1985\",\"https:\\\/\\\/www.instagram.com\\\/esls1985\",\"https:\\\/\\\/www.linkedin.com\\\/in\\\/esls1985\\\/\"]},{\"@type\":\"Person\",\"@id\":\"https:\\\/\\\/esls.co.uk\\\/#\\\/schema\\\/person\\\/276e65001ee3eeedd9044f06b145f976\",\"name\":\"gp1960\",\"image\":{\"@type\":\"ImageObject\",\"inLanguage\":\"it-IT\",\"@id\":\"https:\\\/\\\/secure.gravatar.com\\\/avatar\\\/891f51b2a4cdc8b67e088e13536676f3150e8a8880905add7e500c4ed1eef715?s=96&d=mm&r=g\",\"url\":\"https:\\\/\\\/secure.gravatar.com\\\/avatar\\\/891f51b2a4cdc8b67e088e13536676f3150e8a8880905add7e500c4ed1eef715?s=96&d=mm&r=g\",\"contentUrl\":\"https:\\\/\\\/secure.gravatar.com\\\/avatar\\\/891f51b2a4cdc8b67e088e13536676f3150e8a8880905add7e500c4ed1eef715?s=96&d=mm&r=g\",\"caption\":\"gp1960\"},\"sameAs\":[\"https:\\\/\\\/esls.co.uk\"],\"url\":\"https:\\\/\\\/esls.co.uk\\\/it\\\/author\\\/gp1960\\\/\"}]}<\/script>\n<!-- \/ Yoast SEO plugin. -->","yoast_head_json":{"title":"Tbilisi State Medical University -","description":"Universit\u00e0 medica statale di Tbilisi","robots":{"index":"index","follow":"follow","max-snippet":"max-snippet:-1","max-image-preview":"max-image-preview:large","max-video-preview":"max-video-preview:-1"},"canonical":"https:\/\/esls.co.uk\/it\/study-medicine-dentistry-pharmacy-europe-bulgaria-slovakia-romania-poland\/georgia\/tbilisi-state-medical-university\/","og_locale":"it_IT","og_type":"article","og_title":"Tbilisi State Medical University","og_description":"Tbilisi State Medical University was opened on 8th of February, 1918, the day of remembrance of the Georgian King David the Builder. Since that, this day remains one of the most significant events in the history of the nation.Tbilisi State Medical University has five faculties: Medicine, Stomatology, Pharmacy, Public health, Physical medicine and rehabilitation.","og_url":"https:\/\/esls.co.uk\/it\/study-medicine-dentistry-pharmacy-europe-bulgaria-slovakia-romania-poland\/georgia\/tbilisi-state-medical-university\/","article_publisher":"https:\/\/www.facebook.com\/esls1985","article_modified_time":"2022-05-09T18:53:01+00:00","og_image":[{"width":410,"height":260,"url":"https:\/\/esls.co.uk\/wp-content\/uploads\/2022\/05\/TbilisiStateMedicalUniversity410x260.jpg","type":"image\/jpeg"}],"twitter_card":"summary_large_image","twitter_title":"Tbilisi State Medical University","twitter_description":"Tbilisi State Medical University was opened on 8th of February, 1918, the day of remembrance of the Georgian King David the Builder. Since that, this day remains one of the most significant events in the history of the nation.Tbilisi State Medical University has five faculties: Medicine, Stomatology, Pharmacy, Public health, Physical medicine and rehabilitation.","twitter_image":"https:\/\/esls.co.uk\/wp-content\/uploads\/2022\/05\/TbilisiStateMedicalUniversity410x260.jpg","twitter_site":"@ESLS1985","twitter_misc":{"Tempo di lettura stimato":"1 minuto"},"schema":{"@context":"https:\/\/schema.org","@graph":[{"@type":"Article","@id":"https:\/\/esls.co.uk\/study-medicine-dentistry-pharmacy-europe-bulgaria-slovakia-romania-poland\/georgia\/tbilisi-state-medical-university\/#article","isPartOf":{"@id":"https:\/\/esls.co.uk\/study-medicine-dentistry-pharmacy-europe-bulgaria-slovakia-romania-poland\/georgia\/tbilisi-state-medical-university\/"},"author":{"name":"gp1960","@id":"https:\/\/esls.co.uk\/#\/schema\/person\/276e65001ee3eeedd9044f06b145f976"},"headline":"Tbilisi State Medical University","datePublished":"2022-05-09T18:22:42+00:00","dateModified":"2022-05-09T18:53:01+00:00","mainEntityOfPage":{"@id":"https:\/\/esls.co.uk\/study-medicine-dentistry-pharmacy-europe-bulgaria-slovakia-romania-poland\/georgia\/tbilisi-state-medical-university\/"},"wordCount":177,"publisher":{"@id":"https:\/\/esls.co.uk\/#organization"},"image":{"@id":"https:\/\/esls.co.uk\/study-medicine-dentistry-pharmacy-europe-bulgaria-slovakia-romania-poland\/georgia\/tbilisi-state-medical-university\/#primaryimage"},"thumbnailUrl":"https:\/\/esls.co.uk\/wp-content\/uploads\/2022\/05\/TbilisiStateMedicalUniversity410x260.jpg","inLanguage":"it-IT"},{"@type":["WebPage","ContactPage"],"@id":"https:\/\/esls.co.uk\/study-medicine-dentistry-pharmacy-europe-bulgaria-slovakia-romania-poland\/georgia\/tbilisi-state-medical-university\/","url":"https:\/\/esls.co.uk\/study-medicine-dentistry-pharmacy-europe-bulgaria-slovakia-romania-poland\/georgia\/tbilisi-state-medical-university\/","name":"Tbilisi State Medical University -","isPartOf":{"@id":"https:\/\/esls.co.uk\/#website"},"primaryImageOfPage":{"@id":"https:\/\/esls.co.uk\/study-medicine-dentistry-pharmacy-europe-bulgaria-slovakia-romania-poland\/georgia\/tbilisi-state-medical-university\/#primaryimage"},"image":{"@id":"https:\/\/esls.co.uk\/study-medicine-dentistry-pharmacy-europe-bulgaria-slovakia-romania-poland\/georgia\/tbilisi-state-medical-university\/#primaryimage"},"thumbnailUrl":"https:\/\/esls.co.uk\/wp-content\/uploads\/2022\/05\/TbilisiStateMedicalUniversity410x260.jpg","datePublished":"2022-05-09T18:22:42+00:00","dateModified":"2022-05-09T18:53:01+00:00","description":"Universit\u00e0 medica statale di Tbilisi","breadcrumb":{"@id":"https:\/\/esls.co.uk\/study-medicine-dentistry-pharmacy-europe-bulgaria-slovakia-romania-poland\/georgia\/tbilisi-state-medical-university\/#breadcrumb"},"inLanguage":"it-IT","potentialAction":[{"@type":"ReadAction","target":["https:\/\/esls.co.uk\/study-medicine-dentistry-pharmacy-europe-bulgaria-slovakia-romania-poland\/georgia\/tbilisi-state-medical-university\/"]}]},{"@type":"ImageObject","inLanguage":"it-IT","@id":"https:\/\/esls.co.uk\/study-medicine-dentistry-pharmacy-europe-bulgaria-slovakia-romania-poland\/georgia\/tbilisi-state-medical-university\/#primaryimage","url":"https:\/\/esls.co.uk\/wp-content\/uploads\/2022\/05\/TbilisiStateMedicalUniversity410x260.jpg","contentUrl":"https:\/\/esls.co.uk\/wp-content\/uploads\/2022\/05\/TbilisiStateMedicalUniversity410x260.jpg","width":410,"height":260,"caption":"Tbilisi State medical University"},{"@type":"BreadcrumbList","@id":"https:\/\/esls.co.uk\/study-medicine-dentistry-pharmacy-europe-bulgaria-slovakia-romania-poland\/georgia\/tbilisi-state-medical-university\/#breadcrumb","itemListElement":[{"@type":"ListItem","position":1,"name":"Home","item":"https:\/\/esls.co.uk\/"},{"@type":"ListItem","position":2,"name":"Study","item":"https:\/\/esls.co.uk\/study-medicine-dentistry-pharmacy-europe-bulgaria-slovakia-romania-poland\/"},{"@type":"ListItem","position":3,"name":"Georgia","item":"https:\/\/esls.co.uk\/study-medicine-dentistry-pharmacy-europe-bulgaria-slovakia-romania-poland\/georgia\/"},{"@type":"ListItem","position":4,"name":"Tbilisi State Medical University"}]},{"@type":"WebSite","@id":"https:\/\/esls.co.uk\/#website","url":"https:\/\/esls.co.uk\/","name":"","description":"","publisher":{"@id":"https:\/\/esls.co.uk\/#organization"},"alternateName":"ESLS","potentialAction":[{"@type":"SearchAction","target":{"@type":"EntryPoint","urlTemplate":"https:\/\/esls.co.uk\/?s={search_term_string}"},"query-input":{"@type":"PropertyValueSpecification","valueRequired":true,"valueName":"search_term_string"}}],"inLanguage":"it-IT"},{"@type":"Organization","@id":"https:\/\/esls.co.uk\/#organization","name":"European Studies and Language Services","alternateName":"ESLS","url":"https:\/\/esls.co.uk\/","logo":{"@type":"ImageObject","inLanguage":"it-IT","@id":"https:\/\/esls.co.uk\/#\/schema\/logo\/image\/","url":"https:\/\/i0.wp.com\/esls.co.uk\/wp-content\/uploads\/2022\/04\/cropped-Logo2@2x-e1650815428749.png?fit=568%2C250&ssl=1","contentUrl":"https:\/\/i0.wp.com\/esls.co.uk\/wp-content\/uploads\/2022\/04\/cropped-Logo2@2x-e1650815428749.png?fit=568%2C250&ssl=1","width":568,"height":250,"caption":"European Studies and Language Services"},"image":{"@id":"https:\/\/esls.co.uk\/#\/schema\/logo\/image\/"},"sameAs":["https:\/\/www.facebook.com\/esls1985","https:\/\/x.com\/ESLS1985","https:\/\/www.instagram.com\/esls1985","https:\/\/www.linkedin.com\/in\/esls1985\/"]},{"@type":"Person","@id":"https:\/\/esls.co.uk\/#\/schema\/person\/276e65001ee3eeedd9044f06b145f976","name":"gp1960","image":{"@type":"ImageObject","inLanguage":"it-IT","@id":"https:\/\/secure.gravatar.com\/avatar\/891f51b2a4cdc8b67e088e13536676f3150e8a8880905add7e500c4ed1eef715?s=96&d=mm&r=g","url":"https:\/\/secure.gravatar.com\/avatar\/891f51b2a4cdc8b67e088e13536676f3150e8a8880905add7e500c4ed1eef715?s=96&d=mm&r=g","contentUrl":"https:\/\/secure.gravatar.com\/avatar\/891f51b2a4cdc8b67e088e13536676f3150e8a8880905add7e500c4ed1eef715?s=96&d=mm&r=g","caption":"gp1960"},"sameAs":["https:\/\/esls.co.uk"],"url":"https:\/\/esls.co.uk\/it\/author\/gp1960\/"}]}},"jetpack-related-posts":[{"id":580,"url":"https:\/\/esls.co.uk\/it\/study-medicine-dentistry-pharmacy-europe-bulgaria-slovakia-romania-poland\/georgia\/batumi-shota-rustaveli\/","url_meta":{"origin":672,"position":0},"title":"Batumi Shota Rustaveli","author":"","date":false,"format":false,"excerpt":"According to published information from Batumi Shota Rustaveli State University is considered to be an important educational, scientific and cultural center of our country. It has a 85-year-long history. Batumi Shota Rustaveli State University comprises 7 faculties: Economics and business, humanities, exact science and education, law and social sciences, natural\u2026","rel":"","context":"Articolo simile","block_context":{"text":"Articolo simile","link":""},"img":{"alt_text":"Batumi Shota Rustaveli","src":"https:\/\/i0.wp.com\/esls.co.uk\/wp-content\/uploads\/2022\/05\/batumimedical2410x260.jpg?resize=350%2C200&ssl=1","width":350,"height":200},"classes":[]},{"id":527,"url":"https:\/\/esls.co.uk\/it\/study-medicine-dentistry-pharmacy-europe-bulgaria-slovakia-romania-poland\/bulgaria\/trakia-university\/","url_meta":{"origin":672,"position":1},"title":"Universit\u00e0 di Tracia","author":"","date":false,"format":false,"excerpt":"Medical Studies The specialty is accredited by a resolution of NAOA, CM of 16.10.2008. In the faculty is carried out highly qualified and specialized academic, teaching, research and diagnostic-therapeutic activity, realized in the University hospital, consultative, organizing, methodical and other activities. The training of the Faculty of Medicine is in\u2026","rel":"","context":"Articolo simile","block_context":{"text":"Articolo simile","link":""},"img":{"alt_text":"Medicine and veterinary medicine in Stara Zagora","src":"https:\/\/i0.wp.com\/esls.co.uk\/wp-content\/uploads\/2022\/05\/trakia410x260.jpg?resize=350%2C200&ssl=1","width":350,"height":200},"classes":[]},{"id":351,"url":"https:\/\/esls.co.uk\/it\/study-medicine-dentistry-pharmacy-europe-bulgaria-slovakia-romania-poland\/bulgaria\/","url_meta":{"origin":672,"position":2},"title":"Bulgaria","author":"","date":false,"format":false,"excerpt":"There are 6 universities where you can study medicine in Bulgaria. Medical School experiences here are very enriching as all of the universities offer world-renowned courses. The medical schools in Bulgaria offer extra classes during the week in the Bulgarian language to help students integrate into the country better. Medical\u2026","rel":"","context":"Articolo simile","block_context":{"text":"Articolo simile","link":""},"img":{"alt_text":"-study-medicine-pharmacy-dentistry-medical-university-sofia-bulgaria","src":"https:\/\/i0.wp.com\/esls.co.uk\/wp-content\/uploads\/2022\/04\/Sofia-Medical-University-e1675095264824.jpg?resize=350%2C200&ssl=1","width":350,"height":200},"classes":[]},{"id":607,"url":"https:\/\/esls.co.uk\/it\/study-medicine-dentistry-pharmacy-europe-bulgaria-slovakia-romania-poland\/serbia\/","url_meta":{"origin":672,"position":3},"title":"Serbia","author":"","date":false,"format":false,"excerpt":"L&#039;educazione medica in Serbia ha una storia ben nota di educazione medica di alta qualit\u00e0 dedicata al progresso degli studenti con una forte enfasi posta sulla ricerca medica. Pratiche tradizionali come l&#039;istruzione diretta dall&#039;insegnante sono pi\u00f9 frequentemente utilizzate nelle scuole con studenti e programmi professionali pi\u00f9 svantaggiati. Ci sono sei motivi principali per cui studiare in Serbia \u00e8...","rel":"","context":"Articolo simile","block_context":{"text":"Articolo simile","link":""},"img":{"alt_text":"Novi Sad medicine in english","src":"https:\/\/i0.wp.com\/esls.co.uk\/wp-content\/uploads\/2022\/05\/novisad410x260.jpg?resize=350%2C200&ssl=1","width":350,"height":200},"classes":[]},{"id":571,"url":"https:\/\/esls.co.uk\/it\/study-medicine-dentistry-pharmacy-europe-bulgaria-slovakia-romania-poland\/georgia\/","url_meta":{"origin":672,"position":4},"title":"Georgia","author":"","date":false,"format":false,"excerpt":"Georgia is well known for attractig students from all over the word in order to get educated in the area of medical studies It offers a number of advantages to International students. Students from European and Asian come to Georgia to benefit from a reputable medical education being in medicine,\u2026","rel":"","context":"Articolo simile","block_context":{"text":"Articolo simile","link":""},"img":{"alt_text":"","src":"https:\/\/i0.wp.com\/esls.co.uk\/wp-content\/uploads\/2022\/05\/batumimedical410x260.jpg?resize=350%2C200&ssl=1","width":350,"height":200},"classes":[]},{"id":698,"url":"https:\/\/esls.co.uk\/it\/medical-faculty-cyril-and-methodius\/","url_meta":{"origin":672,"position":5},"title":"Facolt\u00e0 di Medicina Cirillo e Metodio","author":"","date":false,"format":false,"excerpt":"The faculty of medicine was established in the 1940s and it is part of the University Ss Cyril and Methodius. Itis teaching staff and facilities are well presented within the university environment to offer the best education possible to tranee doctors. Academics and facilities are also of the highest educational\u2026","rel":"","context":"Articolo simile","block_context":{"text":"Articolo simile","link":""},"img":{"alt_text":"Faculty of Medicine in Skopje","src":"https:\/\/i0.wp.com\/esls.co.uk\/wp-content\/uploads\/2022\/05\/SkopjeMed410x260.jpg?resize=350%2C200&ssl=1","width":350,"height":200},"classes":[]}],"jetpack_sharing_enabled":true,"jetpack_likes_enabled":true,"_links":{"self":[{"href":"https:\/\/esls.co.uk\/it\/wp-json\/wp\/v2\/pages\/672","targetHints":{"allow":["GET"]}}],"collection":[{"href":"https:\/\/esls.co.uk\/it\/wp-json\/wp\/v2\/pages"}],"about":[{"href":"https:\/\/esls.co.uk\/it\/wp-json\/wp\/v2\/types\/page"}],"author":[{"embeddable":true,"href":"https:\/\/esls.co.uk\/it\/wp-json\/wp\/v2\/users\/1"}],"replies":[{"embeddable":true,"href":"https:\/\/esls.co.uk\/it\/wp-json\/wp\/v2\/comments?post=672"}],"version-history":[{"count":0,"href":"https:\/\/esls.co.uk\/it\/wp-json\/wp\/v2\/pages\/672\/revisions"}],"up":[{"embeddable":true,"href":"https:\/\/esls.co.uk\/it\/wp-json\/wp\/v2\/pages\/571"}],"wp:featuredmedia":[{"embeddable":true,"href":"https:\/\/esls.co.uk\/it\/wp-json\/wp\/v2\/media\/679"}],"wp:attachment":[{"href":"https:\/\/esls.co.uk\/it\/wp-json\/wp\/v2\/media?parent=672"}],"curies":[{"name":"scrivere","href":"https:\/\/api.w.org\/{rel}","templated":true}]}}