{"id":571,"date":"2022-05-05T07:44:21","date_gmt":"2022-05-05T07:44:21","guid":{"rendered":"https:\/\/esls.co.uk\/?page_id=571"},"modified":"2022-05-05T09:25:39","modified_gmt":"2022-05-05T09:25:39","slug":"georgia","status":"publish","type":"page","link":"https:\/\/esls.co.uk\/it\/study-medicine-dentistry-pharmacy-europe-bulgaria-slovakia-romania-poland\/georgia\/","title":{"rendered":"Georgia"},"content":{"rendered":"<p>La Georgia \u00e8 ben nota per attrarre studenti da tutto il mondo per ottenere un&#039;istruzione nel campo degli studi medici. Offre una serie di vantaggi agli studenti internazionali. Studenti europei e asiatici vengono in Georgia per beneficiare di una rispettabile educazione medica in medicina, odontoiatria, farmacia e infermieristica. La Georgia offre istruzione universitaria privata e statale in molti campi tra cui medicina, odontoiatria, farmacia e assistenza infermieristica. Di seguito sono riportati alcuni dei motivi per cui gli studenti decidono di studiare scienze della salute in Georgia.<\/p>\n<ul>\n<li>Corsi in lingua inglese<\/li>\n<li>Riconoscimento internazionale dei titoli di studio<\/li>\n<li>Docenti altamente qualificati<\/li>\n<li>Nessun esame di ammissione<\/li>\n<li>Borse di studio per eccellenti prestazioni degli studenti<\/li>\n<li>Buon clima tutto l&#039;anno<\/li>\n<li>Tasse convenienti e basso costo della vita<\/li>\n<li>Idoneo per il prestito di istruzione<\/li>\n<li>Parte dell&#039;accordo EE Bologna<\/li>\n<\/ul>\n<p>Il livello delle tasse in Georgia \u00e8 relativamente basso e la qualit\u00e0 dell&#039;istruzione in Georgia \u00e8 molto alta. Questo \u00e8 il motivo principale per cui la Georgia sta diventando una delle destinazioni pi\u00f9 note per gli studenti di medicina.<\/p>\n<p>Tasse da 5000 a 8000 USD dollari a seconda dell&#039;universit\u00e0.<\/p>","protected":false},"excerpt":{"rendered":"<p>La Georgia \u00e8 famosa per attrarre studenti da tutto il mondo per ricevere un&#039;istruzione nella zona... <\/p>","protected":false},"author":1,"featured_media":577,"parent":377,"menu_order":0,"comment_status":"closed","ping_status":"closed","template":"page-template\/right-sidebar.php","meta":{"_eb_attr":"","jetpack_post_was_ever_published":false,"_bos_mb_destination":[""],"footnotes":""},"class_list":["post-571","page","type-page","status-publish","has-post-thumbnail","hentry","latest_post"],"yoast_head":"<!-- This site is optimized with the Yoast SEO plugin v27.3 - https:\/\/yoast.com\/product\/yoast-seo-wordpress\/ -->\n<title>Georgia -<\/title>\n<meta name=\"description\" content=\"Georgia\" \/>\n<meta name=\"robots\" content=\"index, follow, max-snippet:-1, max-image-preview:large, max-video-preview:-1\" \/>\n<link rel=\"canonical\" href=\"https:\/\/esls.co.uk\/it\/study-medicine-dentistry-pharmacy-europe-bulgaria-slovakia-romania-poland\/georgia\/\" \/>\n<meta property=\"og:locale\" content=\"it_IT\" \/>\n<meta property=\"og:type\" content=\"article\" \/>\n<meta property=\"og:title\" content=\"Georgia -\" \/>\n<meta property=\"og:description\" content=\"Georgia\" \/>\n<meta property=\"og:url\" content=\"https:\/\/esls.co.uk\/it\/study-medicine-dentistry-pharmacy-europe-bulgaria-slovakia-romania-poland\/georgia\/\" \/>\n<meta property=\"article:publisher\" content=\"https:\/\/www.facebook.com\/esls1985\" \/>\n<meta property=\"article:modified_time\" content=\"2022-05-05T09:25:39+00:00\" \/>\n<meta property=\"og:image\" content=\"https:\/\/esls.co.uk\/wp-content\/uploads\/2022\/05\/batumimedical410x260.jpg\" \/>\n\t<meta property=\"og:image:width\" content=\"410\" \/>\n\t<meta property=\"og:image:height\" content=\"260\" \/>\n\t<meta property=\"og:image:type\" content=\"image\/jpeg\" \/>\n<meta name=\"twitter:card\" content=\"summary_large_image\" \/>\n<meta name=\"twitter:site\" content=\"@ESLS1985\" \/>\n<meta name=\"twitter:label1\" content=\"Tempo di lettura stimato\" \/>\n\t<meta name=\"twitter:data1\" content=\"1 minuto\" \/>\n<script type=\"application\/ld+json\" class=\"yoast-schema-graph\">{\"@context\":\"https:\\\/\\\/schema.org\",\"@graph\":[{\"@type\":\"Article\",\"@id\":\"https:\\\/\\\/esls.co.uk\\\/study-medicine-dentistry-pharmacy-europe-bulgaria-slovakia-romania-poland\\\/georgia\\\/#article\",\"isPartOf\":{\"@id\":\"https:\\\/\\\/esls.co.uk\\\/study-medicine-dentistry-pharmacy-europe-bulgaria-slovakia-romania-poland\\\/georgia\\\/\"},\"author\":{\"name\":\"gp1960\",\"@id\":\"https:\\\/\\\/esls.co.uk\\\/#\\\/schema\\\/person\\\/276e65001ee3eeedd9044f06b145f976\"},\"headline\":\"Georgia\",\"datePublished\":\"2022-05-05T07:44:21+00:00\",\"dateModified\":\"2022-05-05T09:25:39+00:00\",\"mainEntityOfPage\":{\"@id\":\"https:\\\/\\\/esls.co.uk\\\/study-medicine-dentistry-pharmacy-europe-bulgaria-slovakia-romania-poland\\\/georgia\\\/\"},\"wordCount\":174,\"publisher\":{\"@id\":\"https:\\\/\\\/esls.co.uk\\\/#organization\"},\"image\":{\"@id\":\"https:\\\/\\\/esls.co.uk\\\/study-medicine-dentistry-pharmacy-europe-bulgaria-slovakia-romania-poland\\\/georgia\\\/#primaryimage\"},\"thumbnailUrl\":\"https:\\\/\\\/esls.co.uk\\\/wp-content\\\/uploads\\\/2022\\\/05\\\/batumimedical410x260.jpg\",\"inLanguage\":\"it-IT\"},{\"@type\":[\"WebPage\",\"ContactPage\"],\"@id\":\"https:\\\/\\\/esls.co.uk\\\/study-medicine-dentistry-pharmacy-europe-bulgaria-slovakia-romania-poland\\\/georgia\\\/\",\"url\":\"https:\\\/\\\/esls.co.uk\\\/study-medicine-dentistry-pharmacy-europe-bulgaria-slovakia-romania-poland\\\/georgia\\\/\",\"name\":\"Georgia -\",\"isPartOf\":{\"@id\":\"https:\\\/\\\/esls.co.uk\\\/#website\"},\"primaryImageOfPage\":{\"@id\":\"https:\\\/\\\/esls.co.uk\\\/study-medicine-dentistry-pharmacy-europe-bulgaria-slovakia-romania-poland\\\/georgia\\\/#primaryimage\"},\"image\":{\"@id\":\"https:\\\/\\\/esls.co.uk\\\/study-medicine-dentistry-pharmacy-europe-bulgaria-slovakia-romania-poland\\\/georgia\\\/#primaryimage\"},\"thumbnailUrl\":\"https:\\\/\\\/esls.co.uk\\\/wp-content\\\/uploads\\\/2022\\\/05\\\/batumimedical410x260.jpg\",\"datePublished\":\"2022-05-05T07:44:21+00:00\",\"dateModified\":\"2022-05-05T09:25:39+00:00\",\"description\":\"Georgia\",\"breadcrumb\":{\"@id\":\"https:\\\/\\\/esls.co.uk\\\/study-medicine-dentistry-pharmacy-europe-bulgaria-slovakia-romania-poland\\\/georgia\\\/#breadcrumb\"},\"inLanguage\":\"it-IT\",\"potentialAction\":[{\"@type\":\"ReadAction\",\"target\":[\"https:\\\/\\\/esls.co.uk\\\/study-medicine-dentistry-pharmacy-europe-bulgaria-slovakia-romania-poland\\\/georgia\\\/\"]}]},{\"@type\":\"ImageObject\",\"inLanguage\":\"it-IT\",\"@id\":\"https:\\\/\\\/esls.co.uk\\\/study-medicine-dentistry-pharmacy-europe-bulgaria-slovakia-romania-poland\\\/georgia\\\/#primaryimage\",\"url\":\"https:\\\/\\\/esls.co.uk\\\/wp-content\\\/uploads\\\/2022\\\/05\\\/batumimedical410x260.jpg\",\"contentUrl\":\"https:\\\/\\\/esls.co.uk\\\/wp-content\\\/uploads\\\/2022\\\/05\\\/batumimedical410x260.jpg\",\"width\":410,\"height\":260},{\"@type\":\"BreadcrumbList\",\"@id\":\"https:\\\/\\\/esls.co.uk\\\/study-medicine-dentistry-pharmacy-europe-bulgaria-slovakia-romania-poland\\\/georgia\\\/#breadcrumb\",\"itemListElement\":[{\"@type\":\"ListItem\",\"position\":1,\"name\":\"Home\",\"item\":\"https:\\\/\\\/esls.co.uk\\\/\"},{\"@type\":\"ListItem\",\"position\":2,\"name\":\"Study\",\"item\":\"https:\\\/\\\/esls.co.uk\\\/study-medicine-dentistry-pharmacy-europe-bulgaria-slovakia-romania-poland\\\/\"},{\"@type\":\"ListItem\",\"position\":3,\"name\":\"Georgia\"}]},{\"@type\":\"WebSite\",\"@id\":\"https:\\\/\\\/esls.co.uk\\\/#website\",\"url\":\"https:\\\/\\\/esls.co.uk\\\/\",\"name\":\"\",\"description\":\"\",\"publisher\":{\"@id\":\"https:\\\/\\\/esls.co.uk\\\/#organization\"},\"alternateName\":\"ESLS\",\"potentialAction\":[{\"@type\":\"SearchAction\",\"target\":{\"@type\":\"EntryPoint\",\"urlTemplate\":\"https:\\\/\\\/esls.co.uk\\\/?s={search_term_string}\"},\"query-input\":{\"@type\":\"PropertyValueSpecification\",\"valueRequired\":true,\"valueName\":\"search_term_string\"}}],\"inLanguage\":\"it-IT\"},{\"@type\":\"Organization\",\"@id\":\"https:\\\/\\\/esls.co.uk\\\/#organization\",\"name\":\"European Studies and Language Services\",\"alternateName\":\"ESLS\",\"url\":\"https:\\\/\\\/esls.co.uk\\\/\",\"logo\":{\"@type\":\"ImageObject\",\"inLanguage\":\"it-IT\",\"@id\":\"https:\\\/\\\/esls.co.uk\\\/#\\\/schema\\\/logo\\\/image\\\/\",\"url\":\"https:\\\/\\\/i0.wp.com\\\/esls.co.uk\\\/wp-content\\\/uploads\\\/2022\\\/04\\\/cropped-Logo2@2x-e1650815428749.png?fit=568%2C250&ssl=1\",\"contentUrl\":\"https:\\\/\\\/i0.wp.com\\\/esls.co.uk\\\/wp-content\\\/uploads\\\/2022\\\/04\\\/cropped-Logo2@2x-e1650815428749.png?fit=568%2C250&ssl=1\",\"width\":568,\"height\":250,\"caption\":\"European Studies and Language Services\"},\"image\":{\"@id\":\"https:\\\/\\\/esls.co.uk\\\/#\\\/schema\\\/logo\\\/image\\\/\"},\"sameAs\":[\"https:\\\/\\\/www.facebook.com\\\/esls1985\",\"https:\\\/\\\/x.com\\\/ESLS1985\",\"https:\\\/\\\/www.instagram.com\\\/esls1985\",\"https:\\\/\\\/www.linkedin.com\\\/in\\\/esls1985\\\/\"]},{\"@type\":\"Person\",\"@id\":\"https:\\\/\\\/esls.co.uk\\\/#\\\/schema\\\/person\\\/276e65001ee3eeedd9044f06b145f976\",\"name\":\"gp1960\",\"image\":{\"@type\":\"ImageObject\",\"inLanguage\":\"it-IT\",\"@id\":\"https:\\\/\\\/secure.gravatar.com\\\/avatar\\\/891f51b2a4cdc8b67e088e13536676f3150e8a8880905add7e500c4ed1eef715?s=96&d=mm&r=g\",\"url\":\"https:\\\/\\\/secure.gravatar.com\\\/avatar\\\/891f51b2a4cdc8b67e088e13536676f3150e8a8880905add7e500c4ed1eef715?s=96&d=mm&r=g\",\"contentUrl\":\"https:\\\/\\\/secure.gravatar.com\\\/avatar\\\/891f51b2a4cdc8b67e088e13536676f3150e8a8880905add7e500c4ed1eef715?s=96&d=mm&r=g\",\"caption\":\"gp1960\"},\"sameAs\":[\"https:\\\/\\\/esls.co.uk\"],\"url\":\"https:\\\/\\\/esls.co.uk\\\/it\\\/author\\\/gp1960\\\/\"}]}<\/script>\n<!-- \/ Yoast SEO plugin. -->","yoast_head_json":{"title":"Georgia -","description":"Georgia","robots":{"index":"index","follow":"follow","max-snippet":"max-snippet:-1","max-image-preview":"max-image-preview:large","max-video-preview":"max-video-preview:-1"},"canonical":"https:\/\/esls.co.uk\/it\/study-medicine-dentistry-pharmacy-europe-bulgaria-slovakia-romania-poland\/georgia\/","og_locale":"it_IT","og_type":"article","og_title":"Georgia -","og_description":"Georgia","og_url":"https:\/\/esls.co.uk\/it\/study-medicine-dentistry-pharmacy-europe-bulgaria-slovakia-romania-poland\/georgia\/","article_publisher":"https:\/\/www.facebook.com\/esls1985","article_modified_time":"2022-05-05T09:25:39+00:00","og_image":[{"width":410,"height":260,"url":"https:\/\/esls.co.uk\/wp-content\/uploads\/2022\/05\/batumimedical410x260.jpg","type":"image\/jpeg"}],"twitter_card":"summary_large_image","twitter_site":"@ESLS1985","twitter_misc":{"Tempo di lettura stimato":"1 minuto"},"schema":{"@context":"https:\/\/schema.org","@graph":[{"@type":"Article","@id":"https:\/\/esls.co.uk\/study-medicine-dentistry-pharmacy-europe-bulgaria-slovakia-romania-poland\/georgia\/#article","isPartOf":{"@id":"https:\/\/esls.co.uk\/study-medicine-dentistry-pharmacy-europe-bulgaria-slovakia-romania-poland\/georgia\/"},"author":{"name":"gp1960","@id":"https:\/\/esls.co.uk\/#\/schema\/person\/276e65001ee3eeedd9044f06b145f976"},"headline":"Georgia","datePublished":"2022-05-05T07:44:21+00:00","dateModified":"2022-05-05T09:25:39+00:00","mainEntityOfPage":{"@id":"https:\/\/esls.co.uk\/study-medicine-dentistry-pharmacy-europe-bulgaria-slovakia-romania-poland\/georgia\/"},"wordCount":174,"publisher":{"@id":"https:\/\/esls.co.uk\/#organization"},"image":{"@id":"https:\/\/esls.co.uk\/study-medicine-dentistry-pharmacy-europe-bulgaria-slovakia-romania-poland\/georgia\/#primaryimage"},"thumbnailUrl":"https:\/\/esls.co.uk\/wp-content\/uploads\/2022\/05\/batumimedical410x260.jpg","inLanguage":"it-IT"},{"@type":["WebPage","ContactPage"],"@id":"https:\/\/esls.co.uk\/study-medicine-dentistry-pharmacy-europe-bulgaria-slovakia-romania-poland\/georgia\/","url":"https:\/\/esls.co.uk\/study-medicine-dentistry-pharmacy-europe-bulgaria-slovakia-romania-poland\/georgia\/","name":"Georgia -","isPartOf":{"@id":"https:\/\/esls.co.uk\/#website"},"primaryImageOfPage":{"@id":"https:\/\/esls.co.uk\/study-medicine-dentistry-pharmacy-europe-bulgaria-slovakia-romania-poland\/georgia\/#primaryimage"},"image":{"@id":"https:\/\/esls.co.uk\/study-medicine-dentistry-pharmacy-europe-bulgaria-slovakia-romania-poland\/georgia\/#primaryimage"},"thumbnailUrl":"https:\/\/esls.co.uk\/wp-content\/uploads\/2022\/05\/batumimedical410x260.jpg","datePublished":"2022-05-05T07:44:21+00:00","dateModified":"2022-05-05T09:25:39+00:00","description":"Georgia","breadcrumb":{"@id":"https:\/\/esls.co.uk\/study-medicine-dentistry-pharmacy-europe-bulgaria-slovakia-romania-poland\/georgia\/#breadcrumb"},"inLanguage":"it-IT","potentialAction":[{"@type":"ReadAction","target":["https:\/\/esls.co.uk\/study-medicine-dentistry-pharmacy-europe-bulgaria-slovakia-romania-poland\/georgia\/"]}]},{"@type":"ImageObject","inLanguage":"it-IT","@id":"https:\/\/esls.co.uk\/study-medicine-dentistry-pharmacy-europe-bulgaria-slovakia-romania-poland\/georgia\/#primaryimage","url":"https:\/\/esls.co.uk\/wp-content\/uploads\/2022\/05\/batumimedical410x260.jpg","contentUrl":"https:\/\/esls.co.uk\/wp-content\/uploads\/2022\/05\/batumimedical410x260.jpg","width":410,"height":260},{"@type":"BreadcrumbList","@id":"https:\/\/esls.co.uk\/study-medicine-dentistry-pharmacy-europe-bulgaria-slovakia-romania-poland\/georgia\/#breadcrumb","itemListElement":[{"@type":"ListItem","position":1,"name":"Home","item":"https:\/\/esls.co.uk\/"},{"@type":"ListItem","position":2,"name":"Study","item":"https:\/\/esls.co.uk\/study-medicine-dentistry-pharmacy-europe-bulgaria-slovakia-romania-poland\/"},{"@type":"ListItem","position":3,"name":"Georgia"}]},{"@type":"WebSite","@id":"https:\/\/esls.co.uk\/#website","url":"https:\/\/esls.co.uk\/","name":"","description":"","publisher":{"@id":"https:\/\/esls.co.uk\/#organization"},"alternateName":"ESLS","potentialAction":[{"@type":"SearchAction","target":{"@type":"EntryPoint","urlTemplate":"https:\/\/esls.co.uk\/?s={search_term_string}"},"query-input":{"@type":"PropertyValueSpecification","valueRequired":true,"valueName":"search_term_string"}}],"inLanguage":"it-IT"},{"@type":"Organization","@id":"https:\/\/esls.co.uk\/#organization","name":"European Studies and Language Services","alternateName":"ESLS","url":"https:\/\/esls.co.uk\/","logo":{"@type":"ImageObject","inLanguage":"it-IT","@id":"https:\/\/esls.co.uk\/#\/schema\/logo\/image\/","url":"https:\/\/i0.wp.com\/esls.co.uk\/wp-content\/uploads\/2022\/04\/cropped-Logo2@2x-e1650815428749.png?fit=568%2C250&ssl=1","contentUrl":"https:\/\/i0.wp.com\/esls.co.uk\/wp-content\/uploads\/2022\/04\/cropped-Logo2@2x-e1650815428749.png?fit=568%2C250&ssl=1","width":568,"height":250,"caption":"European Studies and Language Services"},"image":{"@id":"https:\/\/esls.co.uk\/#\/schema\/logo\/image\/"},"sameAs":["https:\/\/www.facebook.com\/esls1985","https:\/\/x.com\/ESLS1985","https:\/\/www.instagram.com\/esls1985","https:\/\/www.linkedin.com\/in\/esls1985\/"]},{"@type":"Person","@id":"https:\/\/esls.co.uk\/#\/schema\/person\/276e65001ee3eeedd9044f06b145f976","name":"gp1960","image":{"@type":"ImageObject","inLanguage":"it-IT","@id":"https:\/\/secure.gravatar.com\/avatar\/891f51b2a4cdc8b67e088e13536676f3150e8a8880905add7e500c4ed1eef715?s=96&d=mm&r=g","url":"https:\/\/secure.gravatar.com\/avatar\/891f51b2a4cdc8b67e088e13536676f3150e8a8880905add7e500c4ed1eef715?s=96&d=mm&r=g","contentUrl":"https:\/\/secure.gravatar.com\/avatar\/891f51b2a4cdc8b67e088e13536676f3150e8a8880905add7e500c4ed1eef715?s=96&d=mm&r=g","caption":"gp1960"},"sameAs":["https:\/\/esls.co.uk"],"url":"https:\/\/esls.co.uk\/it\/author\/gp1960\/"}]}},"jetpack-related-posts":[{"id":672,"url":"https:\/\/esls.co.uk\/it\/study-medicine-dentistry-pharmacy-europe-bulgaria-slovakia-romania-poland\/georgia\/tbilisi-state-medical-university\/","url_meta":{"origin":571,"position":0},"title":"Universit\u00e0 medica statale di Tbilisi","author":"","date":false,"format":false,"excerpt":"Tbilisi is the capital and the largest city of Georgia, lying on the banks of the Kura River with a population of approximately 1.5 million people. Tbilisi was founded in the 5th century AD by Vakhtang I of Iberia, and since then has served as the capital of various Georgian\u2026","rel":"","context":"Articolo simile","block_context":{"text":"Articolo simile","link":""},"img":{"alt_text":"Tbilisi State medical University","src":"https:\/\/i0.wp.com\/esls.co.uk\/wp-content\/uploads\/2022\/05\/TbilisiStateMedicalUniversity410x260.jpg?resize=350%2C200&ssl=1","width":350,"height":200},"classes":[]},{"id":351,"url":"https:\/\/esls.co.uk\/it\/study-medicine-dentistry-pharmacy-europe-bulgaria-slovakia-romania-poland\/bulgaria\/","url_meta":{"origin":571,"position":1},"title":"Bulgaria","author":"","date":false,"format":false,"excerpt":"There are 6 universities where you can study medicine in Bulgaria. Medical School experiences here are very enriching as all of the universities offer world-renowned courses. The medical schools in Bulgaria offer extra classes during the week in the Bulgarian language to help students integrate into the country better. Medical\u2026","rel":"","context":"Articolo simile","block_context":{"text":"Articolo simile","link":""},"img":{"alt_text":"-study-medicine-pharmacy-dentistry-medical-university-sofia-bulgaria","src":"https:\/\/i0.wp.com\/esls.co.uk\/wp-content\/uploads\/2022\/04\/Sofia-Medical-University-e1675095264824.jpg?resize=350%2C200&ssl=1","width":350,"height":200},"classes":[]},{"id":580,"url":"https:\/\/esls.co.uk\/it\/study-medicine-dentistry-pharmacy-europe-bulgaria-slovakia-romania-poland\/georgia\/batumi-shota-rustaveli\/","url_meta":{"origin":571,"position":2},"title":"Batumi Shota Rustaveli","author":"","date":false,"format":false,"excerpt":"According to published information from Batumi Shota Rustaveli State University is considered to be an important educational, scientific and cultural center of our country. It has a 85-year-long history. Batumi Shota Rustaveli State University comprises 7 faculties: Economics and business, humanities, exact science and education, law and social sciences, natural\u2026","rel":"","context":"Articolo simile","block_context":{"text":"Articolo simile","link":""},"img":{"alt_text":"Batumi Shota Rustaveli","src":"https:\/\/i0.wp.com\/esls.co.uk\/wp-content\/uploads\/2022\/05\/batumimedical2410x260.jpg?resize=350%2C200&ssl=1","width":350,"height":200},"classes":[]},{"id":646,"url":"https:\/\/esls.co.uk\/it\/study-medicine-dentistry-pharmacy-europe-bulgaria-slovakia-romania-poland\/serbia\/novi-sad\/","url_meta":{"origin":571,"position":3},"title":"Novi Sad","author":"","date":false,"format":false,"excerpt":"The University of Novi Sad in Serbia offers Medical and Dentistry studies to international students in English. The Faculty of Medicine of Novi Sad claims that it is is a higher education institution within the University of Novi Sad which conducts higher education study programs, as well as scientific research\u2026","rel":"","context":"Articolo simile","block_context":{"text":"Articolo simile","link":""},"img":{"alt_text":"","src":"https:\/\/i0.wp.com\/esls.co.uk\/wp-content\/uploads\/2022\/05\/novisad410x260-1.jpg?resize=350%2C200&ssl=1","width":350,"height":200},"classes":[]},{"id":607,"url":"https:\/\/esls.co.uk\/it\/study-medicine-dentistry-pharmacy-europe-bulgaria-slovakia-romania-poland\/serbia\/","url_meta":{"origin":571,"position":4},"title":"Serbia","author":"","date":false,"format":false,"excerpt":"L&#039;educazione medica in Serbia ha una storia ben nota di educazione medica di alta qualit\u00e0 dedicata al progresso degli studenti con una forte enfasi posta sulla ricerca medica. Pratiche tradizionali come l&#039;istruzione diretta dall&#039;insegnante sono pi\u00f9 frequentemente utilizzate nelle scuole con studenti e programmi professionali pi\u00f9 svantaggiati. Ci sono sei motivi principali per cui studiare in Serbia \u00e8...","rel":"","context":"Articolo simile","block_context":{"text":"Articolo simile","link":""},"img":{"alt_text":"Novi Sad medicine in english","src":"https:\/\/i0.wp.com\/esls.co.uk\/wp-content\/uploads\/2022\/05\/novisad410x260.jpg?resize=350%2C200&ssl=1","width":350,"height":200},"classes":[]},{"id":365,"url":"https:\/\/esls.co.uk\/it\/study-medicine-dentistry-pharmacy-europe-bulgaria-slovakia-romania-poland\/bulgaria\/study-medicine-pharmacy-dentistry-plovdiv-bulgaria\/","url_meta":{"origin":571,"position":5},"title":"MU Plovdiv","author":"","date":false,"format":false,"excerpt":"The Medical University (Bulgarian: \u041c\u0435\u0434\u0438\u0446\u0438\u043d\u0441\u043a\u0438 \u0443\u043d\u0438\u0432\u0435\u0440\u0441\u0438\u0442\u0435\u0442 \u0432 \u041f\u043b\u043e\u0432\u0434\u0438\u0432) in Plovdiv, Bulgaria was established in 1945. It includes the Faculties of Medicine, Dental medicine, Pharmacy, Public Health, a Department of Languages and Specialized training, a medical college and a hospital with 2000 beds. Facilities include laboratories, clinics and units for diagnostics\u2026","rel":"","context":"Articolo simile","block_context":{"text":"Articolo simile","link":""},"img":{"alt_text":"Study medicine in Plovdiv Bulgaria","src":"https:\/\/i0.wp.com\/esls.co.uk\/wp-content\/uploads\/2022\/05\/Plovdiv_Medical410x260.jpg?resize=350%2C200&ssl=1","width":350,"height":200},"classes":[]}],"jetpack_sharing_enabled":true,"jetpack_likes_enabled":true,"_links":{"self":[{"href":"https:\/\/esls.co.uk\/it\/wp-json\/wp\/v2\/pages\/571","targetHints":{"allow":["GET"]}}],"collection":[{"href":"https:\/\/esls.co.uk\/it\/wp-json\/wp\/v2\/pages"}],"about":[{"href":"https:\/\/esls.co.uk\/it\/wp-json\/wp\/v2\/types\/page"}],"author":[{"embeddable":true,"href":"https:\/\/esls.co.uk\/it\/wp-json\/wp\/v2\/users\/1"}],"replies":[{"embeddable":true,"href":"https:\/\/esls.co.uk\/it\/wp-json\/wp\/v2\/comments?post=571"}],"version-history":[{"count":0,"href":"https:\/\/esls.co.uk\/it\/wp-json\/wp\/v2\/pages\/571\/revisions"}],"up":[{"embeddable":true,"href":"https:\/\/esls.co.uk\/it\/wp-json\/wp\/v2\/pages\/377"}],"wp:featuredmedia":[{"embeddable":true,"href":"https:\/\/esls.co.uk\/it\/wp-json\/wp\/v2\/media\/577"}],"wp:attachment":[{"href":"https:\/\/esls.co.uk\/it\/wp-json\/wp\/v2\/media?parent=571"}],"curies":[{"name":"scrivere","href":"https:\/\/api.w.org\/{rel}","templated":true}]}}